{"id":711,"date":"2021-10-04T17:59:19","date_gmt":"2021-10-04T17:59:19","guid":{"rendered":"https:\/\/acusmatica.net\/online\/?page_id=711"},"modified":"2025-07-18T14:37:47","modified_gmt":"2025-07-18T12:37:47","slug":"reservar-clase","status":"publish","type":"page","link":"https:\/\/www.acusmatica.net\/online\/reservar-clase\/","title":{"rendered":"Reservar Clase Online"},"content":{"rendered":"\n<p>Puedes reservar tus clases con <strong>hasta 15 d\u00edas de antelaci\u00f3n<\/strong>.<\/p>\n\n\n\n<p>Recuerda que la hora indicada en el formulario se corresponde con la <strong>hora peninsular espa\u00f1ola<\/strong>.<\/p>\n\n\n\n<p>Para la clase online necesitar\u00e1s una cuenta <strong>Meet<\/strong> de Google.<\/p>\n\n\n\n<p><a href=\"https:\/\/www.acusmatica.net\/area-online\/reserva-horarios-online\/\" target=\"_blank\" rel=\"noreferrer noopener\"><strong>RESERVAR CLASE ONLINE DESDE EL FORMULARIO<\/strong><\/a><\/p>\n","protected":false},"excerpt":{"rendered":"<p>Puedes reservar tus clases con hasta 15 d\u00edas de antelaci\u00f3n. Recuerda que la hora indicada en el formulario se corresponde con la hora peninsular espa\u00f1ola. Para la clase online necesitar\u00e1s una cuenta Meet de Google. RESERVAR CLASE ONLINE DESDE EL FORMULARIO<\/p>\n","protected":false},"author":1,"featured_media":0,"parent":0,"menu_order":0,"comment_status":"closed","ping_status":"closed","template":"","meta":{"site-sidebar-layout":"default","site-content-layout":"default","ast-site-content-layout":"default","site-content-style":"default","site-sidebar-style":"default","ast-global-header-display":"","ast-banner-title-visibility":"","ast-main-header-display":"","ast-hfb-above-header-display":"","ast-hfb-below-header-display":"","ast-hfb-mobile-header-display":"","site-post-title":"","ast-breadcrumbs-content":"","ast-featured-img":"","footer-sml-layout":"","ast-disable-related-posts":"","theme-transparent-header-meta":"default","adv-header-id-meta":"","stick-header-meta":"","header-above-stick-meta":"","header-main-stick-meta":"","header-below-stick-meta":"","astra-migrate-meta-layouts":"set","ast-page-background-enabled":"default","ast-page-background-meta":{"desktop":{"background-color":"var(--ast-global-color-4)","background-image":"","background-repeat":"repeat","background-position":"center center","background-size":"auto","background-attachment":"scroll","background-type":"","background-media":"","overlay-type":"","overlay-color":"","overlay-opacity":"","overlay-gradient":""},"tablet":{"background-color":"","background-image":"","background-repeat":"repeat","background-position":"center center","background-size":"auto","background-attachment":"scroll","background-type":"","background-media":"","overlay-type":"","overlay-color":"","overlay-opacity":"","overlay-gradient":""},"mobile":{"background-color":"","background-image":"","background-repeat":"repeat","background-position":"center center","background-size":"auto","background-attachment":"scroll","background-type":"","background-media":"","overlay-type":"","overlay-color":"","overlay-opacity":"","overlay-gradient":""}},"ast-content-background-meta":{"desktop":{"background-color":"var(--ast-global-color-5)","background-image":"","background-repeat":"repeat","background-position":"center center","background-size":"auto","background-attachment":"scroll","background-type":"","background-media":"","overlay-type":"","overlay-color":"","overlay-opacity":"","overlay-gradient":""},"tablet":{"background-color":"var(--ast-global-color-5)","background-image":"","background-repeat":"repeat","background-position":"center center","background-size":"auto","background-attachment":"scroll","background-type":"","background-media":"","overlay-type":"","overlay-color":"","overlay-opacity":"","overlay-gradient":""},"mobile":{"background-color":"var(--ast-global-color-5)","background-image":"","background-repeat":"repeat","background-position":"center center","background-size":"auto","background-attachment":"scroll","background-type":"","background-media":"","overlay-type":"","overlay-color":"","overlay-opacity":"","overlay-gradient":""}},"footnotes":""},"class_list":["post-711","page","type-page","status-publish","hentry"],"_links":{"self":[{"href":"https:\/\/www.acusmatica.net\/online\/wp-json\/wp\/v2\/pages\/711","targetHints":{"allow":["GET"]}}],"collection":[{"href":"https:\/\/www.acusmatica.net\/online\/wp-json\/wp\/v2\/pages"}],"about":[{"href":"https:\/\/www.acusmatica.net\/online\/wp-json\/wp\/v2\/types\/page"}],"author":[{"embeddable":true,"href":"https:\/\/www.acusmatica.net\/online\/wp-json\/wp\/v2\/users\/1"}],"replies":[{"embeddable":true,"href":"https:\/\/www.acusmatica.net\/online\/wp-json\/wp\/v2\/comments?post=711"}],"version-history":[{"count":3,"href":"https:\/\/www.acusmatica.net\/online\/wp-json\/wp\/v2\/pages\/711\/revisions"}],"predecessor-version":[{"id":1717,"href":"https:\/\/www.acusmatica.net\/online\/wp-json\/wp\/v2\/pages\/711\/revisions\/1717"}],"wp:attachment":[{"href":"https:\/\/www.acusmatica.net\/online\/wp-json\/wp\/v2\/media?parent=711"}],"curies":[{"name":"wp","href":"https:\/\/api.w.org\/{rel}","templated":true}]}}